{"id":16,"date":"2020-11-21T23:40:41","date_gmt":"2020-11-21T23:40:41","guid":{"rendered":"http:\/\/em-doc.com\/?page_id=16"},"modified":"2024-09-16T10:03:17","modified_gmt":"2024-09-16T10:03:17","slug":"impressum","status":"publish","type":"page","link":"https:\/\/em-doc.com\/de\/impressum","title":{"rendered":"Impressum"},"content":{"rendered":"\n<p><strong>Elektro-Maschinen-Doc GmbH<\/strong><br>Gudrunstr. 34<br>40764 Langenfeld<br>Deutschland<br>Telefon: +49 2173 1630882<br>E-Mail: info[at]em-doc.com<\/p>\n\n\n\n<p>Eingetragen bei der Handwerkskammer D\u00fcsseldorf Nr. 1858052<\/p>\n\n\n\n<p>USt-IdNr.:  DE335505352<br>Registergericht: Amtsgericht D\u00fcsseldorf<br>Registernummer: HRB 91242<\/p>\n\n\n\n<p>Verantwortlich f\u00fcr den Inhalt der Seiten gem\u00e4\u00df \u00a7 5 TMG und \u00a7 55 RStV:<br>G\u00fcnter Wilhelm Friese<\/p>\n\n\n\n<h3 class=\"wp-block-heading\">Gesch\u00e4ftsf\u00fchrung<\/h3>\n\n\n\n<p>G\u00fcnter Wilhelm Friese<\/p>\n\n\n\n<h3 class=\"wp-block-heading\">Haftungsausschluss<\/h3>\n\n\n\n<p>Diese Website wurde mit gr\u00f6\u00dftm\u00f6glicher Sorgfalt zusammengestellt. Trotzdem kann keine Gew\u00e4hr f\u00fcr die Fehlerfreiheit und Genauigkeit der enthaltenen Informationen \u00fcbernommen werden.<br><br>Mit Urteil vom 12. Mai 1998 &#8211; 312 O 85\/98 &#8211; &#8222;Haftung f\u00fcr Links&#8220; hat das Landgericht Hamburg entschieden, dass man durch die Anbringung eines Links die Inhalte der verlinkten Seite gegebenenfalls mit zu verantworten hat. Wir weisen deshalb ausdr\u00fccklich darauf hin, dass wir auf die inhaltliche Gestaltung der verlinkten Webseiten keinen Einfluss haben. Eine Haftung oder Garantie f\u00fcr die Aktualit\u00e4t, Richtigkeit und Vollst\u00e4ndigkeit der Informationen, die in solchen Hypertextlinks oder anderen Websites enthalten sind, schlie\u00dfen wir aus. F\u00fcr den Inhalt der verlinkten Seiten sind ausschlie\u00dflich deren Betreiber verantwortlich.<\/p>\n\n\n\n<h3 class=\"wp-block-heading\">Urheberrecht und Copyright<\/h3>\n\n\n\n<p>Alle auf dieser Website ver\u00f6ffentlichten Inhalte (Layout, Texte, Bilder, Grafiken usw.) unterliegen dem Urheberrecht. Jede vom Urheberrechtsgesetz nicht zugelassene Verwertung muss ausdr\u00fccklich durch Elektro-Maschinen-Doc GmbH genehmigt werden. Dies gilt insbesondere f\u00fcr Vervielf\u00e4ltigung, Bearbeitung, \u00dcbersetzung, Einspeicherung, Verarbeitung bzw. Wiedergabe von Inhalten in Datenbanken oder anderen elektronischen Medien und Systemen. Querverweise und Links<\/p>\n\n\n\n<p>Die Elektro-Maschinen-Doc GmbH ist als Inhalteanbieter f\u00fcr die eigenen Inhalte, die sie zur Nutzung bereith\u00e4lt, nach den allgemeinen Gesetzen verantwortlich. Querverweise auf Inhalte von anderen Anbietern m\u00fcssen klar von den eigenen Inhalten unterschieden werden. Die fremden Inhalte unterliegen weder der Kontrolle der&nbsp;Elektro-Maschinen-Doc GmbH noch ist die Elektro-Maschinen-Doc GmbH in der Lage, Einfluss auf deren Inhalt oder Form zu nehmen. Die Inhalte fremder Seiten, auf die die Elektro-Maschinen-Doc GmbH mittels Links hinweist, spiegeln nicht die Meinung der&nbsp;Elektro-Maschinen-Doc GmbH wider, sondern dienen lediglich der Information und der Darstellung von Zusammenh\u00e4ngen. Diese Feststellungen gelten f\u00fcr alle innerhalb des eigenen Internetangebotes gesetzten Links und Verweise sowie f\u00fcr Fremdeintr\u00e4ge in von der&nbsp;Elektro-Maschinen-Doc GmbH angebotenen interaktiven Inhalten. F\u00fcr illegale, fehlerhafte oder unvollst\u00e4ndige Inhalte und insbesondere f\u00fcr Sch\u00e4den, die aus der Nutzung oder Nichtnutzung solcherart dargebotener Informationen entstehen, haftet allein der Anbieter der Seite, auf welche verwiesen wurde.<\/p>\n\n\n\n<h3 class=\"wp-block-heading\">Datenschutz<\/h3>\n\n\n\n<p>Hinweise zu unserem Datenschutz findest Du unter<br><a href=\"http:\/\/www.em-doc.com\/datenschutz\" data-type=\"URL\" data-id=\"www.em-doc.com\/datenschutz\">www.em-doc.com\/datenschutz<\/a><\/p>\n\n\n\n<h3 class=\"wp-block-heading\">Fotos \/ Team<\/h3>\n\n\n\n<p>Elektro-Maschinen-Doc GmbH \/ WordPress<br>Homepage Bild von Bruno \/Germany auf Pixabay<br>Logo Steffen Kautz<\/p>\n","protected":false},"excerpt":{"rendered":"<p>Elektro-Maschinen-Doc GmbHGudrunstr. 3440764 LangenfeldDeutschlandTelefon: +49 2173 1630882E-Mail: info[at]em-doc.com Eingetragen bei der Handwerkskammer D\u00fcsseldorf Nr. 1858052 USt-IdNr.: DE335505352Registergericht: Amtsgericht D\u00fcsseldorfRegisternummer: HRB 91242 Verantwortlich f\u00fcr den Inhalt der Seiten gem\u00e4\u00df \u00a7 5 TMG und \u00a7 55 RStV:G\u00fcnter Wilhelm Friese Gesch\u00e4ftsf\u00fchrung G\u00fcnter Wilhelm Friese Haftungsausschluss Diese Website wurde mit gr\u00f6\u00dftm\u00f6glicher Sorgfalt zusammengestellt. Trotzdem kann keine Gew\u00e4hr f\u00fcr die &hellip; <\/p>\n<p class=\"link-more\"><a href=\"https:\/\/em-doc.com\/de\/impressum\" class=\"more-link\"><span class=\"screen-reader-text\">\u201eImpressum\u201c <\/span>weiterlesen<\/a><\/p>\n","protected":false},"author":1,"featured_media":0,"parent":0,"menu_order":0,"comment_status":"closed","ping_status":"closed","template":"","meta":{"footnotes":""},"class_list":["post-16","page","type-page","status-publish","hentry"],"translation":{"provider":"WPGlobus","version":"3.0.0","language":"de","enabled_languages":["en","de"],"languages":{"en":{"title":true,"content":true,"excerpt":false},"de":{"title":true,"content":true,"excerpt":false}}},"_links":{"self":[{"href":"https:\/\/em-doc.com\/de\/wp-json\/wp\/v2\/pages\/16"}],"collection":[{"href":"https:\/\/em-doc.com\/de\/wp-json\/wp\/v2\/pages"}],"about":[{"href":"https:\/\/em-doc.com\/de\/wp-json\/wp\/v2\/types\/page"}],"author":[{"embeddable":true,"href":"https:\/\/em-doc.com\/de\/wp-json\/wp\/v2\/users\/1"}],"replies":[{"embeddable":true,"href":"https:\/\/em-doc.com\/de\/wp-json\/wp\/v2\/comments?post=16"}],"version-history":[{"count":21,"href":"https:\/\/em-doc.com\/de\/wp-json\/wp\/v2\/pages\/16\/revisions"}],"predecessor-version":[{"id":284,"href":"https:\/\/em-doc.com\/de\/wp-json\/wp\/v2\/pages\/16\/revisions\/284"}],"wp:attachment":[{"href":"https:\/\/em-doc.com\/de\/wp-json\/wp\/v2\/media?parent=16"}],"curies":[{"name":"wp","href":"https:\/\/api.w.org\/{rel}","templated":true}]}}