{"id":30,"date":"2020-11-22T11:56:17","date_gmt":"2020-11-22T11:56:17","guid":{"rendered":"http:\/\/em-doc.com\/?page_id=30"},"modified":"2020-11-25T21:53:14","modified_gmt":"2020-11-25T21:53:14","slug":"zur-person","status":"publish","type":"page","link":"https:\/\/em-doc.com\/de\/zur-person","title":{"rendered":"\u00dcber mich"},"content":{"rendered":"\n<figure class=\"wp-block-image size-large is-resized\"><img loading=\"lazy\" decoding=\"async\" src=\"https:\/\/em-doc.com\/wp-content\/uploads\/2020\/11\/73575_0018col-683x1024.jpg\" alt=\"\" class=\"wp-image-127\" width=\"266\" height=\"398\" srcset=\"https:\/\/em-doc.com\/wp-content\/uploads\/2020\/11\/73575_0018col-683x1024.jpg 683w, https:\/\/em-doc.com\/wp-content\/uploads\/2020\/11\/73575_0018col-200x300.jpg 200w, https:\/\/em-doc.com\/wp-content\/uploads\/2020\/11\/73575_0018col.jpg 709w\" sizes=\"(max-width: 266px) 100vw, 266px\" \/><\/figure>\n\n\n\n<p>Als gelernter Maschinenschlosser und mit Elektronik als Hobby habe ich 1994 mein Studium der Elektrotechnik an der Gesamthochschule in Duisburg mit dem akademischen Grad Diplom-Ingenieur abgeschlossen. Die Schwerpunkte waren (und sind) Leistungselektronik, elektrische Maschinen und Antriebe sowie elektrische Energietechnik.<\/p>\n\n\n\n<p>Seit 1998 bin ich Mitglied im VDI und dem VDE, durch diese Netzwerke verfolge ich stets aktuelle Entwicklungen.<\/p>\n\n\n\n<p>Im Maschinenbau (Konstruktion, Softwareentwicklung, Inbetriebnahme) und bei \u00f6ffentlichen Netzbetreibern (Netzplanung und Netzwirtschaft) habe ich 26 Jahre lang als Ingenieur ein vielseitiges Wissen erworben. Zuverl\u00e4ssige und tragf\u00e4hige L\u00f6sungen sind mir wichtig.<\/p>\n\n\n\n<p>Vor diesem Hintergund ist die Dienstleistung aus einer Hand von der Energieerzeugung und -verteilung \u00fcber die  Neu- und Wieder-Inbetriebnahme sowie Instandsetzung von Maschinen bis hin zur Energieabrechnung und -optimierung mein Gesch\u00e4ftsfeld. Doc soll mit der Dokumentation der Maschine in Verbindung gebracht werden. Denn h\u00e4ufig ist diese in die Jahre gekommen und sollte aktualisiert werden. <\/p>\n\n\n\n<p>Transparenz bei der Vorgehensweise und ein faires, vertrauensvolles Miteinander sind mehr als nur Schlagworte f\u00fcr mich, sie sind die Basis aller meiner Aktivit\u00e4ten.<\/p>\n","protected":false},"excerpt":{"rendered":"<p>Als gelernter Maschinenschlosser und mit Elektronik als Hobby habe ich 1994 mein Studium der Elektrotechnik an der Gesamthochschule in Duisburg mit dem akademischen Grad Diplom-Ingenieur abgeschlossen. Die Schwerpunkte waren (und sind) Leistungselektronik, elektrische Maschinen und Antriebe sowie elektrische Energietechnik. Seit 1998 bin ich Mitglied im VDI und dem VDE, durch diese Netzwerke verfolge ich stets &hellip; <\/p>\n<p class=\"link-more\"><a href=\"https:\/\/em-doc.com\/de\/zur-person\" class=\"more-link\"><span class=\"screen-reader-text\">\u201e\u00dcber mich\u201c <\/span>weiterlesen<\/a><\/p>\n","protected":false},"author":1,"featured_media":0,"parent":0,"menu_order":0,"comment_status":"closed","ping_status":"closed","template":"","meta":{"footnotes":""},"class_list":["post-30","page","type-page","status-publish","hentry"],"translation":{"provider":"WPGlobus","version":"3.0.0","language":"de","enabled_languages":["en","de"],"languages":{"en":{"title":true,"content":true,"excerpt":false},"de":{"title":true,"content":true,"excerpt":false}}},"_links":{"self":[{"href":"https:\/\/em-doc.com\/de\/wp-json\/wp\/v2\/pages\/30"}],"collection":[{"href":"https:\/\/em-doc.com\/de\/wp-json\/wp\/v2\/pages"}],"about":[{"href":"https:\/\/em-doc.com\/de\/wp-json\/wp\/v2\/types\/page"}],"author":[{"embeddable":true,"href":"https:\/\/em-doc.com\/de\/wp-json\/wp\/v2\/users\/1"}],"replies":[{"embeddable":true,"href":"https:\/\/em-doc.com\/de\/wp-json\/wp\/v2\/comments?post=30"}],"version-history":[{"count":15,"href":"https:\/\/em-doc.com\/de\/wp-json\/wp\/v2\/pages\/30\/revisions"}],"predecessor-version":[{"id":156,"href":"https:\/\/em-doc.com\/de\/wp-json\/wp\/v2\/pages\/30\/revisions\/156"}],"wp:attachment":[{"href":"https:\/\/em-doc.com\/de\/wp-json\/wp\/v2\/media?parent=30"}],"curies":[{"name":"wp","href":"https:\/\/api.w.org\/{rel}","templated":true}]}}