{"id":31,"date":"2020-11-22T12:21:00","date_gmt":"2020-11-22T12:21:00","guid":{"rendered":"http:\/\/em-doc.com\/?page_id=31"},"modified":"2020-12-31T17:13:59","modified_gmt":"2020-12-31T17:13:59","slug":"meine-leistungen","status":"publish","type":"page","link":"https:\/\/em-doc.com\/de\/meine-leistungen","title":{"rendered":"Meine Leistungen"},"content":{"rendered":"\n<p>Gegenstand des Unternehmens ist die Erbringung von Elektroingenieurs-Dienstleistungen.<br>Hierzu geh\u00f6rt insbesondere<\/p>\n\n\n\n<p>im Bereich Energieerzeugung und -verteilung:<\/p>\n\n\n\n<div class=\"wp-block-group\"><div class=\"wp-block-group__inner-container is-layout-flow wp-block-group-is-layout-flow\">\n<div class=\"wp-block-group\"><div class=\"wp-block-group__inner-container is-layout-flow wp-block-group-is-layout-flow\">\n<ul class=\"wp-block-list\"><li>die Planung, Beratung und Betreuung von Niederspannungs-, Mittelspannungs- und Einspeiseanlagen sowie zugeh\u00f6rige Messkonzepte<\/li><li>Energiekonzepte, Energiekostenoptimierung, Energiemanagement<\/li><li>die Heimautomatisierung<\/li><\/ul>\n<\/div><\/div>\n<\/div><\/div>\n\n\n\n<p>im Bereich Elektromaschinen :<\/p>\n\n\n\n<ul>\n<li>die Reparatur von Maschinen<\/li>\n<li>die unabh\u00e4ngige elektrische und steuerungstechnische Betreuung f\u00fcr Produktionsmaschinen<\/li>\n<li>die technische Unterst\u00fctzung f\u00fcr die CE-Kennzeichnung und deren Dokumentationspflichten<\/li>\n<\/ul>\n\n\n\n<p>Ich biete kleinen Betrieben die M\u00f6glichkeit, f\u00fcr Produktionsmaschinen eine kompetente und unabh\u00e4ngige Betreuung zu bekommen.<\/p>\n\n\n\n<p>Ebenso biete ich nicht-europ\u00e4ischen Komponentenherstellern, die im europ\u00e4ischen Wirtschaftsraum aktiv sind, technische Unterst\u00fctzung an sowie als Dokumentationsbevollm\u00e4chtigter f\u00fcr die CE-Kennzeichnung zu fungieren.<\/p>\n","protected":false},"excerpt":{"rendered":"<p>Gegenstand des Unternehmens ist die Erbringung von Elektroingenieurs-Dienstleistungen.Hierzu geh\u00f6rt insbesondere im Bereich Energieerzeugung und -verteilung: die Planung, Beratung und Betreuung von Niederspannungs-, Mittelspannungs- und Einspeiseanlagen sowie zugeh\u00f6rige Messkonzepte Energiekonzepte, Energiekostenoptimierung, Energiemanagement die Heimautomatisierung im Bereich Elektromaschinen : die Reparatur von Maschinen die unabh\u00e4ngige elektrische und steuerungstechnische Betreuung f\u00fcr Produktionsmaschinen die technische Unterst\u00fctzung f\u00fcr die CE-Kennzeichnung &hellip; <\/p>\n<p class=\"link-more\"><a href=\"https:\/\/em-doc.com\/de\/meine-leistungen\" class=\"more-link\"><span class=\"screen-reader-text\">\u201eMeine Leistungen\u201c <\/span>weiterlesen<\/a><\/p>\n","protected":false},"author":1,"featured_media":0,"parent":0,"menu_order":0,"comment_status":"closed","ping_status":"closed","template":"","meta":{"footnotes":""},"class_list":["post-31","page","type-page","status-publish","hentry"],"translation":{"provider":"WPGlobus","version":"3.0.0","language":"de","enabled_languages":["en","de"],"languages":{"en":{"title":true,"content":true,"excerpt":false},"de":{"title":true,"content":true,"excerpt":false}}},"_links":{"self":[{"href":"https:\/\/em-doc.com\/de\/wp-json\/wp\/v2\/pages\/31"}],"collection":[{"href":"https:\/\/em-doc.com\/de\/wp-json\/wp\/v2\/pages"}],"about":[{"href":"https:\/\/em-doc.com\/de\/wp-json\/wp\/v2\/types\/page"}],"author":[{"embeddable":true,"href":"https:\/\/em-doc.com\/de\/wp-json\/wp\/v2\/users\/1"}],"replies":[{"embeddable":true,"href":"https:\/\/em-doc.com\/de\/wp-json\/wp\/v2\/comments?post=31"}],"version-history":[{"count":21,"href":"https:\/\/em-doc.com\/de\/wp-json\/wp\/v2\/pages\/31\/revisions"}],"predecessor-version":[{"id":192,"href":"https:\/\/em-doc.com\/de\/wp-json\/wp\/v2\/pages\/31\/revisions\/192"}],"wp:attachment":[{"href":"https:\/\/em-doc.com\/de\/wp-json\/wp\/v2\/media?parent=31"}],"curies":[{"name":"wp","href":"https:\/\/api.w.org\/{rel}","templated":true}]}}