{"id":32,"date":"2020-11-22T16:13:09","date_gmt":"2020-11-22T16:13:09","guid":{"rendered":"http:\/\/em-doc.com\/?page_id=32"},"modified":"2024-09-16T14:40:18","modified_gmt":"2024-09-16T14:40:18","slug":"wir-sind-dabei","status":"publish","type":"page","link":"https:\/\/em-doc.com\/de\/wir-sind-dabei","title":{"rendered":"Wir sind dabei!"},"content":{"rendered":"\n<div class=\"wp-block-columns is-layout-flex wp-container-core-columns-is-layout-1 wp-block-columns-is-layout-flex\">\n<div class=\"wp-block-column is-layout-flow wp-block-column-is-layout-flow\">\n<figure class=\"wp-block-image size-full is-resized\"><img loading=\"lazy\" decoding=\"async\" width=\"329\" height=\"364\" src=\"https:\/\/em-doc.com\/wp-content\/uploads\/2024\/09\/alle_Grosen_Polaroid.jpeg\" alt=\"\" class=\"wp-image-289\" style=\"width:322px;height:auto\" srcset=\"https:\/\/em-doc.com\/wp-content\/uploads\/2024\/09\/alle_Grosen_Polaroid.jpeg 329w, https:\/\/em-doc.com\/wp-content\/uploads\/2024\/09\/alle_Grosen_Polaroid-271x300.jpeg 271w\" sizes=\"(max-width: 329px) 100vw, 329px\" \/><\/figure>\n<\/div>\n\n\n\n<div class=\"wp-block-column is-layout-flow wp-block-column-is-layout-flow\">\n<p><strong>Wenn schon die Verpackung ein Geschenk ist!<\/strong><\/p>\n\n\n\n<p>Du m\u00f6chtest eine Geschenkverpackung, die nicht nur gut aussieht, sondern auch etwas Besonderes ist?<br><\/p>\n\n\n\n<p>Dann bist Du bei bei <\/p>\n\n\n\n<p><a href=\"http:\/\/www.geschenksaeckchen.de\/willkommen\/\">geschenksaeckchen.de<\/a> <\/p>\n\n\n\n<p>genau richtig!<\/p>\n\n\n\n<p><\/p>\n<\/div>\n<\/div>\n\n\n\n<div class=\"wp-block-columns is-layout-flex wp-container-core-columns-is-layout-2 wp-block-columns-is-layout-flex\">\n<div class=\"wp-block-column is-layout-flow wp-block-column-is-layout-flow\">\n<figure class=\"wp-block-gallery has-nested-images columns-default is-cropped wp-block-gallery-2 is-layout-flex wp-block-gallery-is-layout-flex\">\n<figure class=\"wp-block-image size-large\"><img loading=\"lazy\" decoding=\"async\" width=\"1024\" height=\"712\" src=\"https:\/\/em-doc.com\/wp-content\/uploads\/2024\/09\/5110_SEP_Bild-1024x712.jpg\" alt=\"\" class=\"wp-image-292\" srcset=\"https:\/\/em-doc.com\/wp-content\/uploads\/2024\/09\/5110_SEP_Bild-1024x712.jpg 1024w, https:\/\/em-doc.com\/wp-content\/uploads\/2024\/09\/5110_SEP_Bild-300x209.jpg 300w, https:\/\/em-doc.com\/wp-content\/uploads\/2024\/09\/5110_SEP_Bild-768x534.jpg 768w, https:\/\/em-doc.com\/wp-content\/uploads\/2024\/09\/5110_SEP_Bild-1536x1068.jpg 1536w, https:\/\/em-doc.com\/wp-content\/uploads\/2024\/09\/5110_SEP_Bild-2048x1424.jpg 2048w\" sizes=\"(max-width: 767px) 89vw, (max-width: 1000px) 54vw, (max-width: 1071px) 543px, 580px\" \/><\/figure>\n<\/figure>\n<\/div>\n\n\n\n<div class=\"wp-block-column is-layout-flow wp-block-column-is-layout-flow\">\n<p><strong>Erste Hilfe f\u00fcr Kinder \u2013 Spielend helfen lernen<\/strong><\/p>\n\n\n\n<p>Was mache ich bei Verbrennungen, einem Zeckenbiss oder einer Vergiftung? Und vor allem: Wie kann ich anderen im Notfall helfen? Die kindgerechte Beantwortung dieser Fragen haben sich der F\u00f6rderverein Freunde und F\u00f6rderer des Rettungshubschraubers Christoph 9 e.V. und der K&amp;L Verlag zum Ziel gesetzt und ein leichtverst\u00e4ndliches Mal- und Arbeitsbuch f\u00fcr M\u00e4dchen und Jungen im Grundschulalter herausgegeben. Wir finden: Das ist eine gute Sache!<\/p>\n\n\n\n<p>M\u00f6chten Sie mehr \u00fcber das Projekt erfahren? Hier finden Sie weitere Informationen:<\/p>\n\n\n\n<p><a href=\"http:\/\/www.kl-verlag.de\">www.kl-verlag.de<\/a><br>Bildnachweis: Abb. @ K&amp;L Verlag<\/p>\n<\/div>\n<\/div>\n\n\n\n<div class=\"wp-block-columns is-layout-flex wp-container-core-columns-is-layout-3 wp-block-columns-is-layout-flex\">\n<div class=\"wp-block-column is-layout-flow wp-block-column-is-layout-flow\">\n<p><\/p>\n\n\n\n<p><\/p>\n<\/div>\n<\/div>\n\n\n\n<div class=\"wp-block-columns is-layout-flex wp-container-core-columns-is-layout-4 wp-block-columns-is-layout-flex\">\n<div class=\"wp-block-column is-layout-flow wp-block-column-is-layout-flow\">\n<figure class=\"wp-block-image size-full\"><img loading=\"lazy\" decoding=\"async\" width=\"262\" height=\"104\" src=\"https:\/\/em-doc.com\/wp-content\/uploads\/2024\/09\/THW_OV_Leverkusen.jpg\" alt=\"\" class=\"wp-image-325\"\/><\/figure>\n<\/div>\n\n\n\n<div class=\"wp-block-column is-layout-flow wp-block-column-is-layout-flow\">\n<p><strong>Auch du hast etwas davon<\/strong><\/p>\n\n\n\n<p>Sich ehrenamtlich beim THW zu engagieren bedeutet, uneigenn\u00fctzig zu handeln. Doch das hei\u00dft nicht, dass du nicht auch davon profitieren kannst. Beim THW gewinnst du wertvolles Know-how zum Thema Katastrophenschutz \u2013 und das v\u00f6llig kostenfrei. Doch das ist nicht alles. Du erwirbst auch pers\u00f6nliche Soft Skills, die dich beruflich weiterbringen: Je nach pers\u00f6nlichem Interesse kannst du beim THW an Weiterbildungen in Sachen Arbeitssicherheit, Didaktik oder Presse- und \u00d6ffentlichkeitsarbeit teilnehmen.<\/p>\n\n\n\n<p>Schau mal vorbei:<\/p>\n\n\n\n<p><a href=\"https:\/\/ov-leverkusen.thw.de\/unser-thw-ortsverband\">https:\/\/ov-leverkusen.thw.de\/unser-thw-ortsverband<\/a><\/p>\n<\/div>\n<\/div>\n\n\n\n<p><\/p>\n","protected":false},"excerpt":{"rendered":"<p>Wenn schon die Verpackung ein Geschenk ist! Du m\u00f6chtest eine Geschenkverpackung, die nicht nur gut aussieht, sondern auch etwas Besonderes ist? Dann bist Du bei bei geschenksaeckchen.de genau richtig! Erste Hilfe f\u00fcr Kinder \u2013 Spielend helfen lernen Was mache ich bei Verbrennungen, einem Zeckenbiss oder einer Vergiftung? Und vor allem: Wie kann ich anderen im &hellip; <\/p>\n<p class=\"link-more\"><a href=\"https:\/\/em-doc.com\/de\/wir-sind-dabei\" class=\"more-link\"><span class=\"screen-reader-text\">\u201eWir sind dabei!\u201c <\/span>weiterlesen<\/a><\/p>\n","protected":false},"author":1,"featured_media":0,"parent":0,"menu_order":0,"comment_status":"closed","ping_status":"closed","template":"","meta":{"footnotes":""},"class_list":["post-32","page","type-page","status-publish","hentry"],"translation":{"provider":"WPGlobus","version":"3.0.0","language":"de","enabled_languages":["en","de"],"languages":{"en":{"title":true,"content":true,"excerpt":false},"de":{"title":true,"content":true,"excerpt":false}}},"_links":{"self":[{"href":"https:\/\/em-doc.com\/de\/wp-json\/wp\/v2\/pages\/32"}],"collection":[{"href":"https:\/\/em-doc.com\/de\/wp-json\/wp\/v2\/pages"}],"about":[{"href":"https:\/\/em-doc.com\/de\/wp-json\/wp\/v2\/types\/page"}],"author":[{"embeddable":true,"href":"https:\/\/em-doc.com\/de\/wp-json\/wp\/v2\/users\/1"}],"replies":[{"embeddable":true,"href":"https:\/\/em-doc.com\/de\/wp-json\/wp\/v2\/comments?post=32"}],"version-history":[{"count":42,"href":"https:\/\/em-doc.com\/de\/wp-json\/wp\/v2\/pages\/32\/revisions"}],"predecessor-version":[{"id":334,"href":"https:\/\/em-doc.com\/de\/wp-json\/wp\/v2\/pages\/32\/revisions\/334"}],"wp:attachment":[{"href":"https:\/\/em-doc.com\/de\/wp-json\/wp\/v2\/media?parent=32"}],"curies":[{"name":"wp","href":"https:\/\/api.w.org\/{rel}","templated":true}]}}