{"id":4,"date":"2020-11-21T22:29:49","date_gmt":"2020-11-21T22:29:49","guid":{"rendered":"http:\/\/em-doc.com\/willkommen-auf-http-em-doc-com"},"modified":"2024-09-16T12:30:46","modified_gmt":"2024-09-16T12:30:46","slug":"willkommen-auf-http-em-doc-com","status":"publish","type":"page","link":"https:\/\/em-doc.com\/de\/","title":{"rendered":"Herzlich Willkommen bei Elektro-Maschinen-Doc"},"content":{"rendered":"\n<p><strong>Sch\u00f6n, dass Sie hier sind!<\/strong><\/p>\n\n\n\n<p>Wenn Sie sich mit folgenden Gedanken besch\u00e4ftigen<\/p>\n\n\n\n<p>im Bereich Energie:<\/p>\n\n\n\n<ul class=\"wp-block-list\"><li>Meine EEG-Erzeugungsanlage  f\u00e4llt zum Ende des Jahres aus der F\u00f6rderung.<\/li><li>Meine Energierechnung f\u00fcr Strom oder Gas ist erkl\u00e4rungsbed\u00fcrftig und ich brauche Rat.<\/li><\/ul>\n\n\n\n<p>im Bereich Maschinen:<\/p>\n\n\n\n<ul class=\"wp-block-list\"><li>F\u00fcr die Inbetriebnahme meiner Maschine brauche ich Unterst\u00fctzung.<\/li><li>Meine Maschine ist vom Hersteller abgek\u00fcndigt und ich brauche eine Betreuung.<\/li><li>Ich liefere Maschinen nach Europa und brauche einen technischen Vor-Ort-Dienstleister.<\/li><\/ul>\n\n\n\n<p>Dann freue ich mich, wenn wir ins Gespr\u00e4ch kommen.<\/p>\n\n\n\n<p>Schreiben Sie einfach eine Email an info[at]em-doc.com<\/p>\n","protected":false},"excerpt":{"rendered":"<p>Sch\u00f6n, dass Sie hier sind! Wenn Sie sich mit folgenden Gedanken besch\u00e4ftigen im Bereich Energie: Meine EEG-Erzeugungsanlage f\u00e4llt zum Ende des Jahres aus der F\u00f6rderung. Meine Energierechnung f\u00fcr Strom oder Gas ist erkl\u00e4rungsbed\u00fcrftig und ich brauche Rat. im Bereich Maschinen: F\u00fcr die Inbetriebnahme meiner Maschine brauche ich Unterst\u00fctzung. Meine Maschine ist vom Hersteller abgek\u00fcndigt und &hellip; <\/p>\n<p class=\"link-more\"><a href=\"https:\/\/em-doc.com\/de\/\" class=\"more-link\"><span class=\"screen-reader-text\">\u201eHerzlich Willkommen bei Elektro-Maschinen-Doc\u201c <\/span>weiterlesen<\/a><\/p>\n","protected":false},"author":1,"featured_media":0,"parent":0,"menu_order":0,"comment_status":"closed","ping_status":"closed","template":"","meta":{"footnotes":""},"class_list":["post-4","page","type-page","status-publish","hentry"],"translation":{"provider":"WPGlobus","version":"3.0.0","language":"de","enabled_languages":["en","de"],"languages":{"en":{"title":true,"content":true,"excerpt":false},"de":{"title":true,"content":true,"excerpt":false}}},"_links":{"self":[{"href":"https:\/\/em-doc.com\/de\/wp-json\/wp\/v2\/pages\/4"}],"collection":[{"href":"https:\/\/em-doc.com\/de\/wp-json\/wp\/v2\/pages"}],"about":[{"href":"https:\/\/em-doc.com\/de\/wp-json\/wp\/v2\/types\/page"}],"author":[{"embeddable":true,"href":"https:\/\/em-doc.com\/de\/wp-json\/wp\/v2\/users\/1"}],"replies":[{"embeddable":true,"href":"https:\/\/em-doc.com\/de\/wp-json\/wp\/v2\/comments?post=4"}],"version-history":[{"count":37,"href":"https:\/\/em-doc.com\/de\/wp-json\/wp\/v2\/pages\/4\/revisions"}],"predecessor-version":[{"id":221,"href":"https:\/\/em-doc.com\/de\/wp-json\/wp\/v2\/pages\/4\/revisions\/221"}],"wp:attachment":[{"href":"https:\/\/em-doc.com\/de\/wp-json\/wp\/v2\/media?parent=4"}],"curies":[{"name":"wp","href":"https:\/\/api.w.org\/{rel}","templated":true}]}}